{"id":51,"date":"2016-05-17T11:31:15","date_gmt":"2016-05-17T09:31:15","guid":{"rendered":"http:\/\/wordpress.renzuscars.de\/?page_id=51"},"modified":"2018-05-24T14:24:07","modified_gmt":"2018-05-24T12:24:07","slug":"restaurierung","status":"publish","type":"page","link":"https:\/\/www.renzuscars.de\/index.php\/lesitungen\/restaurierung\/","title":{"rendered":"Restaurierung"},"content":{"rendered":"<table border=\"0\" width=\"100%\" cellspacing=\"0\" cellpadding=\"0\">\n<tbody>\n<tr>\n<td>\n<div>\n<p>Um den Wert Ihres Oldtimers zu erhalten oder zu steigern, beraten wir Sie gerne detailliert und f\u00fchren Restaurierungsarbeiten jeglicher Art durch:<\/p>\n<ul>\n<li>Fahrwerks\u00fcberholung<\/li>\n<li>Innenausstattung<\/li>\n<li>Sitzbez\u00fcge in Originaloptik und \u2013qualit\u00e4t<\/li>\n<li>Ganz- oder Teillackierung<\/li>\n<li>Frame off Restaurierung<\/li>\n<li>Oldtimergutachten<\/li>\n<li>\u00dcberholung der Fahrzeugelektrik<\/li>\n<\/ul>\n<p>Gerne realisieren wir auch Sonderw\u00fcnsche!<\/p>\n<\/div>\n<\/td>\n<\/tr>\n<\/tbody>\n<\/table>\n<div class=\"row-fluid\">\n<div class=\"span3\"><a title=\"Restaurierung\" href=\"https:\/\/www.renzuscars.de\/wp-content\/uploads\/2016\/06\/05-2.jpg\" data-spotlight=\"on\" data-lightbox=\"group:mygroup1;titlePosition:inside\"><img loading=\"lazy\" decoding=\"async\" src=\"https:\/\/www.renzuscars.de\/wp-content\/uploads\/2016\/06\/05-2.jpg\" alt=\"Restaurierung\" width=\"190\" height=\"150\" \/>\u00a0 <\/a><a title=\"Restaurierung\" href=\"https:\/\/www.renzuscars.de\/wp-content\/uploads\/2016\/06\/07-2.jpg\" data-spotlight=\"on\" data-lightbox=\"group:mygroup1;titlePosition:inside\"><img loading=\"lazy\" decoding=\"async\" src=\"https:\/\/www.renzuscars.de\/wp-content\/uploads\/2016\/06\/07-2.jpg\" alt=\"Restaurierung\" width=\"190\" height=\"150\" \/>\u00a0 <\/a><a title=\"Restaurierung\" href=\"https:\/\/www.renzuscars.de\/wp-content\/uploads\/2016\/06\/09.jpg\" data-spotlight=\"on\" data-lightbox=\"group:mygroup1;titlePosition:inside\"><img loading=\"lazy\" decoding=\"async\" src=\"https:\/\/www.renzuscars.de\/wp-content\/uploads\/2016\/06\/09.jpg\" alt=\"Restaurierung\" width=\"190\" height=\"150\" \/>\u00a0<\/a> <a title=\"Restaurierung\" href=\"https:\/\/www.renzuscars.de\/wp-content\/uploads\/2016\/06\/010.jpg\" data-spotlight=\"on\" data-lightbox=\"group:mygroup1;titlePosition:inside\"><img loading=\"lazy\" decoding=\"async\" src=\"https:\/\/www.renzuscars.de\/wp-content\/uploads\/2016\/06\/010.jpg\" alt=\"Restaurierung\" width=\"190\" height=\"150\" \/><\/a><a title=\"Restaurierung\" href=\"https:\/\/www.renzuscars.de\/wp-content\/uploads\/2016\/06\/P1040935.jpg\" data-spotlight=\"on\" data-lightbox=\"group:mygroup1;titlePosition:inside\"> <img loading=\"lazy\" decoding=\"async\" src=\"https:\/\/www.renzuscars.de\/wp-content\/uploads\/2016\/06\/P1040935.jpg\" alt=\"Restaurierung\" width=\"190\" height=\"150\" \/>\u00a0<\/a><a title=\"Restaurierung\" href=\"https:\/\/www.renzuscars.de\/wp-content\/uploads\/2016\/06\/P1050180.jpg\" data-spotlight=\"on\" data-lightbox=\"group:mygroup1;titlePosition:inside\"> <img loading=\"lazy\" decoding=\"async\" src=\"https:\/\/www.renzuscars.de\/wp-content\/uploads\/2016\/06\/P1050180.jpg\" alt=\"Restaurierung\" width=\"190\" height=\"150\" \/>\u00a0<\/a><a title=\"Restaurierung\" href=\"https:\/\/www.renzuscars.de\/wp-content\/uploads\/2016\/06\/P1050685.jpg\" data-spotlight=\"on\" data-lightbox=\"group:mygroup1;titlePosition:inside\"> <img loading=\"lazy\" decoding=\"async\" src=\"https:\/\/www.renzuscars.de\/wp-content\/uploads\/2016\/06\/P1050685.jpg\" alt=\"Restaurierung\" width=\"190\" height=\"150\" \/><\/a><a title=\"Restaurierung\" href=\"https:\/\/www.renzuscars.de\/wp-content\/uploads\/2016\/07\/platzhalter-1.jpg\" data-spotlight=\"on\" data-lightbox=\"group:mygroup1;titlePosition:inside\"> <img loading=\"lazy\" decoding=\"async\" src=\"https:\/\/www.renzuscars.de\/wp-content\/uploads\/2016\/07\/platzhalter-1.jpg\" alt=\"Restaurierung\" width=\"190\" height=\"150\" \/><\/a><\/div>\n<\/div>\n","protected":false},"excerpt":{"rendered":"<p>Um den Wert Ihres Oldtimers zu erhalten oder zu steigern, beraten wir Sie gerne detailliert und f\u00fchren Restaurierungsarbeiten jeglicher Art durch: Fahrwerks\u00fcberholung Innenausstattung Sitzbez\u00fcge in Originaloptik und \u2013qualit\u00e4t Ganz- oder Teillackierung Frame off Restaurierung Oldtimergutachten \u00dcberholung der Fahrzeugelektrik Gerne realisieren wir auch Sonderw\u00fcnsche! \u00a0 \u00a0 \u00a0 \u00a0 \u00a0<\/p>\n<p> <a class=\"continue-reading-link\" href=\"https:\/\/www.renzuscars.de\/index.php\/lesitungen\/restaurierung\/\"><span>Continue reading<\/span><i class=\"crycon-right-dir\"><\/i><\/a> <\/p>\n","protected":false},"author":1,"featured_media":0,"parent":12,"menu_order":4,"comment_status":"closed","ping_status":"closed","template":"","meta":{"footnotes":""},"class_list":["post-51","page","type-page","status-publish","hentry"],"_links":{"self":[{"href":"https:\/\/www.renzuscars.de\/index.php\/wp-json\/wp\/v2\/pages\/51","targetHints":{"allow":["GET"]}}],"collection":[{"href":"https:\/\/www.renzuscars.de\/index.php\/wp-json\/wp\/v2\/pages"}],"about":[{"href":"https:\/\/www.renzuscars.de\/index.php\/wp-json\/wp\/v2\/types\/page"}],"author":[{"embeddable":true,"href":"https:\/\/www.renzuscars.de\/index.php\/wp-json\/wp\/v2\/users\/1"}],"replies":[{"embeddable":true,"href":"https:\/\/www.renzuscars.de\/index.php\/wp-json\/wp\/v2\/comments?post=51"}],"version-history":[{"count":17,"href":"https:\/\/www.renzuscars.de\/index.php\/wp-json\/wp\/v2\/pages\/51\/revisions"}],"predecessor-version":[{"id":410,"href":"https:\/\/www.renzuscars.de\/index.php\/wp-json\/wp\/v2\/pages\/51\/revisions\/410"}],"up":[{"embeddable":true,"href":"https:\/\/www.renzuscars.de\/index.php\/wp-json\/wp\/v2\/pages\/12"}],"wp:attachment":[{"href":"https:\/\/www.renzuscars.de\/index.php\/wp-json\/wp\/v2\/media?parent=51"}],"curies":[{"name":"wp","href":"https:\/\/api.w.org\/{rel}","templated":true}]}}