{"id":49,"date":"2016-05-17T11:30:55","date_gmt":"2016-05-17T09:30:55","guid":{"rendered":"http:\/\/wordpress.renzuscars.de\/?page_id=49"},"modified":"2018-05-24T14:22:19","modified_gmt":"2018-05-24T12:22:19","slug":"unfallinstandsetzung","status":"publish","type":"page","link":"https:\/\/www.renzuscars.de\/index.php\/lesitungen\/unfallinstandsetzung\/","title":{"rendered":"Unfallinstandsetzung"},"content":{"rendered":"<table border=\"0\" width=\"100%\" cellspacing=\"0\" cellpadding=\"0\">\n<tbody>\n<tr>\n<td>\n<div>\n<p>Als Spezialist f\u00fcr GFK-Arbeiten und Kunststoffverbundtechnik reparieren wir fachm\u00e4nnisch Unfallsch\u00e4den aller Art, inkl. Rahmen und bauen Ihr besch\u00e4digtes Fahrzeug wieder auf wie neu!<\/p>\n<p>Wir bieten au\u00dferdem einen Autoglas-Service an und ersetzen fachkundig Front-, Seiten- und Heckscheiben.<\/p>\n<\/div>\n<\/td>\n<\/tr>\n<\/tbody>\n<\/table>\n<div class=\"row-fluid\">\n<div class=\"span3\"><a title=\"Unfallinstandsetzung\" href=\"https:\/\/www.renzuscars.de\/wp-content\/uploads\/2016\/06\/02-1.jpg\" data-spotlight=\"on\" data-lightbox=\"group:mygroup1;titlePosition:inside\"><img loading=\"lazy\" decoding=\"async\" src=\"https:\/\/www.renzuscars.de\/wp-content\/uploads\/2016\/06\/02-1.jpg\" alt=\"Unfallinstandsetzung\" width=\"190\" height=\"150\" \/>\u00a0 <\/a><a title=\"Unfallinstandsetzung\" href=\"https:\/\/www.renzuscars.de\/wp-content\/uploads\/2016\/06\/03-1.jpg\" data-spotlight=\"on\" data-lightbox=\"group:mygroup1;titlePosition:inside\"><img loading=\"lazy\" decoding=\"async\" src=\"https:\/\/www.renzuscars.de\/wp-content\/uploads\/2016\/06\/03-1.jpg\" alt=\"Unfallinstandsetzung\" width=\"190\" height=\"150\" \/>\u00a0 <\/a><a title=\"Unfallinstandsetzung\" href=\"https:\/\/www.renzuscars.de\/wp-content\/uploads\/2016\/06\/04-1.jpg\" data-spotlight=\"on\" data-lightbox=\"group:mygroup1;titlePosition:inside\"><img loading=\"lazy\" decoding=\"async\" src=\"https:\/\/www.renzuscars.de\/wp-content\/uploads\/2016\/06\/04-1.jpg\" alt=\"Unfallinstandsetzung\" width=\"190\" height=\"150\" \/><\/a><a title=\"Unfallinstandsetzung\" href=\"https:\/\/www.renzuscars.de\/wp-content\/uploads\/2016\/06\/05-1.jpg\" data-spotlight=\"on\" data-lightbox=\"group:mygroup1;titlePosition:inside\"> <img loading=\"lazy\" decoding=\"async\" src=\"https:\/\/www.renzuscars.de\/wp-content\/uploads\/2016\/06\/05-1.jpg\" alt=\"Unfallinstandsetzung\" width=\"190\" height=\"150\" \/>\u00a0\u00a0<\/a><\/div>\n<\/div>\n<div class=\"row-fluid\">\n<div class=\"span3\"><a title=\"Unfallinstandsetzung\" href=\"https:\/\/www.renzuscars.de\/wp-content\/uploads\/2016\/06\/Brexl2.jpg\" data-spotlight=\"on\" data-lightbox=\"group:mygroup1;titlePosition:inside\"><img loading=\"lazy\" decoding=\"async\" src=\"https:\/\/www.renzuscars.de\/wp-content\/uploads\/2016\/06\/Brexl2.jpg\" alt=\"Unfallinstandsetzung\" width=\"190\" height=\"150\" \/>\u00a0 <\/a><a title=\"Unfallinstandsetzung\" href=\"https:\/\/www.renzuscars.de\/wp-content\/uploads\/2016\/06\/Brexl3.jpg\" data-spotlight=\"on\" data-lightbox=\"group:mygroup1;titlePosition:inside\"><img loading=\"lazy\" decoding=\"async\" src=\"https:\/\/www.renzuscars.de\/wp-content\/uploads\/2016\/06\/Brexl3.jpg\" alt=\"Unfallinstandsetzung\" width=\"190\" height=\"150\" \/>\u00a0 <\/a><a title=\"Unfallinstandsetzung\" href=\"https:\/\/www.renzuscars.de\/wp-content\/uploads\/2016\/06\/Brexl5.jpg\" data-spotlight=\"on\" data-lightbox=\"group:mygroup1;titlePosition:inside\"><img loading=\"lazy\" decoding=\"async\" src=\"https:\/\/www.renzuscars.de\/wp-content\/uploads\/2016\/06\/Brexl5.jpg\" alt=\"Unfallinstandsetzung\" width=\"190\" height=\"150\" \/>\u00a0<\/a><a title=\"Unfallinstandsetzung\" href=\"https:\/\/www.renzuscars.de\/wp-content\/uploads\/2016\/06\/Brexl6.jpg\" data-spotlight=\"on\" data-lightbox=\"group:mygroup1;titlePosition:inside\"> <img loading=\"lazy\" decoding=\"async\" src=\"https:\/\/www.renzuscars.de\/wp-content\/uploads\/2016\/06\/Brexl6.jpg\" alt=\"Unfallinstandsetzung\" width=\"190\" height=\"150\" \/> <\/a><\/div>\n<\/div>\n","protected":false},"excerpt":{"rendered":"<p>Als Spezialist f\u00fcr GFK-Arbeiten und Kunststoffverbundtechnik reparieren wir fachm\u00e4nnisch Unfallsch\u00e4den aller Art, inkl. Rahmen und bauen Ihr besch\u00e4digtes Fahrzeug wieder auf wie neu! Wir bieten au\u00dferdem einen Autoglas-Service an und ersetzen fachkundig Front-, Seiten- und Heckscheiben. \u00a0 \u00a0 \u00a0\u00a0 \u00a0 \u00a0 \u00a0<\/p>\n<p> <a class=\"continue-reading-link\" href=\"https:\/\/www.renzuscars.de\/index.php\/lesitungen\/unfallinstandsetzung\/\"><span>Continue reading<\/span><i class=\"crycon-right-dir\"><\/i><\/a> <\/p>\n","protected":false},"author":1,"featured_media":0,"parent":12,"menu_order":3,"comment_status":"closed","ping_status":"closed","template":"","meta":{"footnotes":""},"class_list":["post-49","page","type-page","status-publish","hentry"],"_links":{"self":[{"href":"https:\/\/www.renzuscars.de\/index.php\/wp-json\/wp\/v2\/pages\/49","targetHints":{"allow":["GET"]}}],"collection":[{"href":"https:\/\/www.renzuscars.de\/index.php\/wp-json\/wp\/v2\/pages"}],"about":[{"href":"https:\/\/www.renzuscars.de\/index.php\/wp-json\/wp\/v2\/types\/page"}],"author":[{"embeddable":true,"href":"https:\/\/www.renzuscars.de\/index.php\/wp-json\/wp\/v2\/users\/1"}],"replies":[{"embeddable":true,"href":"https:\/\/www.renzuscars.de\/index.php\/wp-json\/wp\/v2\/comments?post=49"}],"version-history":[{"count":11,"href":"https:\/\/www.renzuscars.de\/index.php\/wp-json\/wp\/v2\/pages\/49\/revisions"}],"predecessor-version":[{"id":407,"href":"https:\/\/www.renzuscars.de\/index.php\/wp-json\/wp\/v2\/pages\/49\/revisions\/407"}],"up":[{"embeddable":true,"href":"https:\/\/www.renzuscars.de\/index.php\/wp-json\/wp\/v2\/pages\/12"}],"wp:attachment":[{"href":"https:\/\/www.renzuscars.de\/index.php\/wp-json\/wp\/v2\/media?parent=49"}],"curies":[{"name":"wp","href":"https:\/\/api.w.org\/{rel}","templated":true}]}}