{"id":45,"date":"2016-05-17T11:30:10","date_gmt":"2016-05-17T09:30:10","guid":{"rendered":"http:\/\/wordpress.renzuscars.de\/?page_id=45"},"modified":"2020-01-21T16:53:00","modified_gmt":"2020-01-21T15:53:00","slug":"werkstattservice","status":"publish","type":"page","link":"https:\/\/www.renzuscars.de\/index.php\/lesitungen\/werkstattservice\/","title":{"rendered":"Werkstattservice"},"content":{"rendered":"<table border=\"0\" width=\"100%\" cellspacing=\"0\" cellpadding=\"0\">\n<tbody>\n<tr>\n<td>\n<div>\n<p><strong>Unser umfangreicher Werkstattservice bietet Ihnen:<br \/>\n<\/strong><\/p>\n<ul type=\"disc\">\n<li>Kundendienst<\/li>\n<li>Vergaser- und Motoreinstellung<\/li>\n<li>Motor- und Getriebe\u00fcberholung<\/li>\n<li>Computerdiagnostik, Software-Update<\/li>\n<li>Reparaturen aller Art<\/li>\n<li>Fahrzeugelektrik<\/li>\n<li>Fahrwerkseinstellung<\/li>\n<li>AU EOBD und Hauptuntersuchung, w\u00f6chentliche Abnahme und Durchf\u00fchrung im Hause\n<ul>\n<li>H-Zulassung und Wertgutachten<\/li>\n<li>Umr\u00fcstung und Vollgutachten<\/li>\n<\/ul>\n<\/li>\n<\/ul>\n<\/div>\n<\/td>\n<\/tr>\n<\/tbody>\n<\/table>\n<div class=\"row-fluid\">\n<div class=\"span3\"><a title=\"Werkstattservice\" href=\"https:\/\/www.renzuscars.de\/wp-content\/uploads\/2016\/06\/PB050004-1.jpg\" data-lightbox=\"group:mygroup1;titlePosition:inside\" data-spotlight=\"on\"><img loading=\"lazy\" decoding=\"async\" src=\"https:\/\/www.renzuscars.de\/wp-content\/uploads\/2016\/06\/PB050004-1.jpg\" alt=\"Werkstattservice\" width=\"190\" height=\"150\" \/>\u00a0<\/a><a title=\"Werkstattservice\" href=\"https:\/\/www.renzuscars.de\/wp-content\/uploads\/2016\/06\/IMG_7141.jpg\" data-lightbox=\"group:mygroup1;titlePosition:inside\" data-spotlight=\"on\"> <img loading=\"lazy\" decoding=\"async\" src=\"https:\/\/www.renzuscars.de\/wp-content\/uploads\/2016\/06\/IMG_7141.jpg\" alt=\"Werkstattservice\" width=\"190\" height=\"150\" \/>\u00a0<\/a><a title=\"Werkstattservice\" href=\"https:\/\/www.renzuscars.de\/wp-content\/uploads\/2016\/06\/Corvette-048-1.jpg\" data-lightbox=\"group:mygroup1;titlePosition:inside\" data-spotlight=\"on\"> <img loading=\"lazy\" decoding=\"async\" src=\"https:\/\/www.renzuscars.de\/wp-content\/uploads\/2016\/06\/Corvette-048-1.jpg\" alt=\"Werkstattservice\" width=\"190\" height=\"150\" \/>\u00a0<\/a><a title=\"Werkstattservice\" href=\"https:\/\/www.renzuscars.de\/wp-content\/uploads\/2016\/06\/P1040708.jpg\" data-lightbox=\"group:mygroup1;titlePosition:inside\" data-spotlight=\"on\"> <img loading=\"lazy\" decoding=\"async\" src=\"https:\/\/www.renzuscars.de\/wp-content\/uploads\/2016\/06\/P1040708.jpg\" alt=\"Werkstattservice\" width=\"190\" height=\"150\" \/><\/a><\/div>\n<\/div>\n","protected":false},"excerpt":{"rendered":"<p>Unser umfangreicher Werkstattservice bietet Ihnen: Kundendienst Vergaser- und Motoreinstellung Motor- und Getriebe\u00fcberholung Computerdiagnostik, Software-Update Reparaturen aller Art Fahrzeugelektrik Fahrwerkseinstellung AU EOBD und Hauptuntersuchung, w\u00f6chentliche Abnahme und Durchf\u00fchrung im Hause H-Zulassung und Wertgutachten Umr\u00fcstung und Vollgutachten \u00a0 \u00a0 \u00a0<\/p>\n<p> <a class=\"continue-reading-link\" href=\"https:\/\/www.renzuscars.de\/index.php\/lesitungen\/werkstattservice\/\"><span>Continue reading<\/span><i class=\"crycon-right-dir\"><\/i><\/a> <\/p>\n","protected":false},"author":1,"featured_media":0,"parent":12,"menu_order":0,"comment_status":"closed","ping_status":"closed","template":"","meta":{"footnotes":""},"class_list":["post-45","page","type-page","status-publish","hentry"],"_links":{"self":[{"href":"https:\/\/www.renzuscars.de\/index.php\/wp-json\/wp\/v2\/pages\/45","targetHints":{"allow":["GET"]}}],"collection":[{"href":"https:\/\/www.renzuscars.de\/index.php\/wp-json\/wp\/v2\/pages"}],"about":[{"href":"https:\/\/www.renzuscars.de\/index.php\/wp-json\/wp\/v2\/types\/page"}],"author":[{"embeddable":true,"href":"https:\/\/www.renzuscars.de\/index.php\/wp-json\/wp\/v2\/users\/1"}],"replies":[{"embeddable":true,"href":"https:\/\/www.renzuscars.de\/index.php\/wp-json\/wp\/v2\/comments?post=45"}],"version-history":[{"count":13,"href":"https:\/\/www.renzuscars.de\/index.php\/wp-json\/wp\/v2\/pages\/45\/revisions"}],"predecessor-version":[{"id":464,"href":"https:\/\/www.renzuscars.de\/index.php\/wp-json\/wp\/v2\/pages\/45\/revisions\/464"}],"up":[{"embeddable":true,"href":"https:\/\/www.renzuscars.de\/index.php\/wp-json\/wp\/v2\/pages\/12"}],"wp:attachment":[{"href":"https:\/\/www.renzuscars.de\/index.php\/wp-json\/wp\/v2\/media?parent=45"}],"curies":[{"name":"wp","href":"https:\/\/api.w.org\/{rel}","templated":true}]}}