{"id":12,"date":"2016-05-10T12:30:55","date_gmt":"2016-05-10T10:30:55","guid":{"rendered":"http:\/\/wordpress.renzuscars.de\/?page_id=12"},"modified":"2025-11-10T15:05:04","modified_gmt":"2025-11-10T14:05:04","slug":"lesitungen","status":"publish","type":"page","link":"https:\/\/www.renzuscars.de\/index.php\/lesitungen\/","title":{"rendered":"Leistungen"},"content":{"rendered":"<table border=\"0\" width=\"100%\" cellspacing=\"0\" cellpadding=\"0\">\n<tbody>\n<tr>\n<td width=\"27%\"><img loading=\"lazy\" decoding=\"async\" class=\"size-medium wp-image-138\" src=\"https:\/\/www.renzuscars.de\/wp-content\/uploads\/2016\/05\/Corvette-024-200x300.jpg\" alt=\"04.10.2010 Motor Klassik: Restaurierung Corvette C4\" width=\"200\" height=\"300\" \/><\/td>\n<td align=\"left\" valign=\"top\" width=\"73%\"><strong>Was k\u00f6nnen wir f\u00fcr Sie tun?<br \/>\n<\/strong>\u00d6lwechsel, Wartung oder Kundendienst f\u00e4llig?Hat Ihr Fahrzeug ein technisches Problem oder h\u00e4tten Sie gerne etwas mehr Motorpower?<\/p>\n<p>Motor\u00fcberholung notwendig?<\/td>\n<\/tr>\n<tr>\n<td colspan=\"2\">\n<div>\n<p>Mit modernstem Equipment, einem umfangreichen Ersatzteillager und fachm\u00e4nnischem Service sind wir in der Lage nahezu jedes Problem zu l\u00f6sen und versuchen auch au\u00dfergew\u00f6hnliche W\u00fcnsche zu realisieren. Wir verbauen nur Originalersatzteile oder hochwertige Aftermarketteile. Durch direkten Zugriff auf die GM-Datenbank sind wir immer auf dem aktuellsten Stand um an Ihrem Fahrzeug Computerdiagnosen abzurufen und Neuprogrammierungen durch zuf\u00fchren.<\/p>\n<p>Ebenso bieten wir Ihnen die Abnahme der Hauptuntersuchungen nach \u00a729StVZO in unserem Hause, sowie die Durchf\u00fchrung der Abgasuntersuchung.<\/p>\n<p>&nbsp;<\/p>\n<p><strong>Hol- und Bringservice<\/strong><\/p>\n<p>Ein Hol- und Bringservice zur S-Bahn-Station Herrenberg runden unseren Kunden-Sorglos-Komfortservice f\u00fcr Sie ab.<\/p>\n<p>&nbsp;<\/p>\n<\/div>\n<p><strong>Kaufberatung<\/strong><\/p>\n<p>Gerne beraten wie Sie vor dem Kauf einer Corvette und stehen Ihnen mit unserem Wissen und Expertise zur Seite.<\/td>\n<\/tr>\n<\/tbody>\n<\/table>\n","protected":false},"excerpt":{"rendered":"<p>Was k\u00f6nnen wir f\u00fcr Sie tun? \u00d6lwechsel, Wartung oder Kundendienst f\u00e4llig?Hat Ihr Fahrzeug ein technisches Problem oder h\u00e4tten Sie gerne etwas mehr Motorpower? Motor\u00fcberholung notwendig? Mit modernstem Equipment, einem umfangreichen Ersatzteillager und fachm\u00e4nnischem Service sind wir in der Lage nahezu jedes Problem zu l\u00f6sen und versuchen auch au\u00dfergew\u00f6hnliche W\u00fcnsche zu\u2026<\/p>\n<p> <a class=\"continue-reading-link\" href=\"https:\/\/www.renzuscars.de\/index.php\/lesitungen\/\"><span>Continue reading<\/span><i class=\"crycon-right-dir\"><\/i><\/a> <\/p>\n","protected":false},"author":1,"featured_media":0,"parent":0,"menu_order":0,"comment_status":"closed","ping_status":"closed","template":"","meta":{"footnotes":""},"class_list":["post-12","page","type-page","status-publish","hentry"],"_links":{"self":[{"href":"https:\/\/www.renzuscars.de\/index.php\/wp-json\/wp\/v2\/pages\/12","targetHints":{"allow":["GET"]}}],"collection":[{"href":"https:\/\/www.renzuscars.de\/index.php\/wp-json\/wp\/v2\/pages"}],"about":[{"href":"https:\/\/www.renzuscars.de\/index.php\/wp-json\/wp\/v2\/types\/page"}],"author":[{"embeddable":true,"href":"https:\/\/www.renzuscars.de\/index.php\/wp-json\/wp\/v2\/users\/1"}],"replies":[{"embeddable":true,"href":"https:\/\/www.renzuscars.de\/index.php\/wp-json\/wp\/v2\/comments?post=12"}],"version-history":[{"count":17,"href":"https:\/\/www.renzuscars.de\/index.php\/wp-json\/wp\/v2\/pages\/12\/revisions"}],"predecessor-version":[{"id":752,"href":"https:\/\/www.renzuscars.de\/index.php\/wp-json\/wp\/v2\/pages\/12\/revisions\/752"}],"wp:attachment":[{"href":"https:\/\/www.renzuscars.de\/index.php\/wp-json\/wp\/v2\/media?parent=12"}],"curies":[{"name":"wp","href":"https:\/\/api.w.org\/{rel}","templated":true}]}}